{"id":1629,"date":"2025-02-03T13:31:08","date_gmt":"2025-02-03T13:31:08","guid":{"rendered":"https:\/\/marketingdigitalmg.com.br\/cliente\/phintralogistica\/?page_id=1629"},"modified":"2026-03-02T14:30:55","modified_gmt":"2026-03-02T14:30:55","slug":"seminovos","status":"publish","type":"page","link":"https:\/\/marketingdigitalmg.com.br\/cliente\/phintralogistica\/seminovos\/","title":{"rendered":"SEMINOVOS"},"content":{"rendered":"[et_pb_section fb_built=&#8221;1&#8243; fullwidth=&#8221;on&#8221; _builder_version=&#8221;4.21.0&#8243; _module_preset=&#8221;default&#8221; custom_padding=&#8221;||||false|false&#8221; box_shadow_style=&#8221;preset1&#8243; box_shadow_blur=&#8221;10px&#8221; box_shadow_color=&#8221;rgba(0,0,0,0.5)&#8221; global_colors_info=&#8221;{}&#8221;][et_pb_fullwidth_header title=&#8221;Seminovos&#8221; _builder_version=&#8221;4.21.0&#8243; _module_preset=&#8221;default&#8221; title_font_size=&#8221;52px&#8221; content_font=&#8221;|300|||||||&#8221; content_font_size=&#8221;24px&#8221; background_color=&#8221;#4D4D4D&#8221; background_image=&#8221;https:\/\/marketingdigitalmg.com.br\/cliente\/phintralogistica\/wp-content\/uploads\/2025\/02\/bg-rodape2.jpg&#8221; global_colors_info=&#8221;{}&#8221;][\/et_pb_fullwidth_header][\/et_pb_section][et_pb_section fb_built=&#8221;1&#8243; custom_padding_last_edited=&#8221;on|desktop&#8221; admin_label=&#8221;Se\u00e7\u00e3o&#8221; _builder_version=&#8221;4.21.0&#8243; background_color=&#8221;#FFFFFF&#8221; background_image=&#8221;https:\/\/marketingdigitalmg.com.br\/cliente\/phintralogistica\/wp-content\/uploads\/2025\/02\/bg-esg-bolinhas.png&#8221; parallax=&#8221;on&#8221; parallax_method=&#8221;off&#8221; custom_padding=&#8221;27px|||||&#8221; custom_padding_tablet=&#8221;50px|0|50px|0&#8243; custom_padding_phone=&#8221;&#8221; transparent_background=&#8221;off&#8221; padding_mobile=&#8221;off&#8221; make_fullwidth=&#8221;off&#8221; use_custom_width=&#8221;off&#8221; width_unit=&#8221;on&#8221; global_colors_info=&#8221;{}&#8221;][et_pb_row use_custom_gutter=&#8221;on&#8221; gutter_width=&#8221;2&#8243; admin_label=&#8221;Linha&#8221; _builder_version=&#8221;4.16&#8243; background_size=&#8221;initial&#8221; background_position=&#8221;top_left&#8221; background_repeat=&#8221;repeat&#8221; global_colors_info=&#8221;{}&#8221;][et_pb_column type=&#8221;4_4&#8243; _builder_version=&#8221;4.16&#8243; custom_padding=&#8221;|||&#8221; global_colors_info=&#8221;{}&#8221; custom_padding__hover=&#8221;|||&#8221;][et_pb_text _builder_version=&#8221;4.21.0&#8243; _module_preset=&#8221;default&#8221; header_2_text_align=&#8221;center&#8221; header_2_text_color=&#8221;#183E78&#8243; custom_margin=&#8221;||-19px|||&#8221; hover_enabled=&#8221;0&#8243; global_colors_info=&#8221;{}&#8221; sticky_enabled=&#8221;0&#8243; header_2_font_size_last_edited=&#8221;on|phone&#8221; header_2_font_size_phone=&#8221;32px&#8221;]\n<h2><span data-teams=\"true\"><strong>Venda de equipamentos inspecionados sob rigoroso protocolo de Gest\u00e3o de Sa\u00fade da Frota.<\/strong><\/span><\/h2>\n[\/et_pb_text][\/et_pb_column][\/et_pb_row][et_pb_row _builder_version=&#8221;4.21.0&#8243; _module_preset=&#8221;default&#8221; global_colors_info=&#8221;{}&#8221;][et_pb_column type=&#8221;4_4&#8243; _builder_version=&#8221;4.21.0&#8243; _module_preset=&#8221;default&#8221; global_colors_info=&#8221;{}&#8221;][et_pb_image src=&#8221;https:\/\/marketingdigitalmg.com.br\/cliente\/phintralogistica\/wp-content\/uploads\/2026\/03\/ilustra-seminovos2.jpg&#8221; _builder_version=&#8221;4.21.0&#8243; _module_preset=&#8221;default&#8221; global_colors_info=&#8221;{}&#8221;][\/et_pb_image][\/et_pb_column][\/et_pb_row][et_pb_row _builder_version=&#8221;4.21.0&#8243; _module_preset=&#8221;default&#8221; custom_padding=&#8221;21px|||||&#8221; global_colors_info=&#8221;{}&#8221;][et_pb_column type=&#8221;4_4&#8243; _builder_version=&#8221;4.21.0&#8243; _module_preset=&#8221;default&#8221; global_colors_info=&#8221;{}&#8221;][et_pb_text _builder_version=&#8221;4.21.0&#8243; _module_preset=&#8221;default&#8221; header_4_text_align=&#8221;center&#8221; header_4_text_color=&#8221;#FF0800&#8243; header_4_line_height=&#8221;1.2em&#8221; global_colors_info=&#8221;{}&#8221;]\n<h4>Entre em contato pelo WhatsApp e pe\u00e7a a lista atualizada de seminovos dispon\u00edveis com as respectivas informa\u00e7\u00f5es e fotos ou v\u00eddeo.<\/h4>\n[\/et_pb_text][\/et_pb_column][\/et_pb_row][et_pb_row _builder_version=&#8221;4.21.0&#8243; _module_preset=&#8221;default&#8221; custom_padding=&#8221;2px|||||&#8221; global_colors_info=&#8221;{}&#8221;][et_pb_column type=&#8221;4_4&#8243; _builder_version=&#8221;4.21.0&#8243; _module_preset=&#8221;default&#8221; global_colors_info=&#8221;{}&#8221;][et_pb_button button_url=&#8221;https:\/\/api.whatsapp.com\/send?phone=37998643704&#8243; url_new_window=&#8221;on&#8221; button_text=&#8221;CHAME AQUI&#8221; button_alignment=&#8221;center&#8221; _builder_version=&#8221;4.21.0&#8243; _module_preset=&#8221;default&#8221; global_colors_info=&#8221;{}&#8221;][\/et_pb_button][\/et_pb_column][\/et_pb_row][\/et_pb_section]\n","protected":false},"excerpt":{"rendered":"<p>Venda de equipamentos inspecionados sob rigoroso protocolo de Gest\u00e3o de Sa\u00fade da Frota.Entre em contato pelo WhatsApp e pe\u00e7a a lista atualizada de seminovos dispon\u00edveis com as respectivas informa\u00e7\u00f5es e fotos ou v\u00eddeo.<\/p>\n","protected":false},"author":1,"featured_media":0,"parent":0,"menu_order":0,"comment_status":"closed","ping_status":"closed","template":"","meta":{"_et_pb_use_builder":"on","_et_pb_old_content":"","_et_gb_content_width":"","footnotes":""},"class_list":["post-1629","page","type-page","status-publish","hentry"],"_links":{"self":[{"href":"https:\/\/marketingdigitalmg.com.br\/cliente\/phintralogistica\/wp-json\/wp\/v2\/pages\/1629","targetHints":{"allow":["GET"]}}],"collection":[{"href":"https:\/\/marketingdigitalmg.com.br\/cliente\/phintralogistica\/wp-json\/wp\/v2\/pages"}],"about":[{"href":"https:\/\/marketingdigitalmg.com.br\/cliente\/phintralogistica\/wp-json\/wp\/v2\/types\/page"}],"author":[{"embeddable":true,"href":"https:\/\/marketingdigitalmg.com.br\/cliente\/phintralogistica\/wp-json\/wp\/v2\/users\/1"}],"replies":[{"embeddable":true,"href":"https:\/\/marketingdigitalmg.com.br\/cliente\/phintralogistica\/wp-json\/wp\/v2\/comments?post=1629"}],"version-history":[{"count":13,"href":"https:\/\/marketingdigitalmg.com.br\/cliente\/phintralogistica\/wp-json\/wp\/v2\/pages\/1629\/revisions"}],"predecessor-version":[{"id":2998,"href":"https:\/\/marketingdigitalmg.com.br\/cliente\/phintralogistica\/wp-json\/wp\/v2\/pages\/1629\/revisions\/2998"}],"wp:attachment":[{"href":"https:\/\/marketingdigitalmg.com.br\/cliente\/phintralogistica\/wp-json\/wp\/v2\/media?parent=1629"}],"curies":[{"name":"wp","href":"https:\/\/api.w.org\/{rel}","templated":true}]}}